{"id":19199,"date":"2021-01-28T20:53:11","date_gmt":"2021-01-28T20:53:11","guid":{"rendered":"https:\/\/fever-drumschool.ch\/?page_id=19199"},"modified":"2021-01-28T21:20:44","modified_gmt":"2021-01-28T21:20:44","slug":"datenschutzerklaerung","status":"publish","type":"page","link":"https:\/\/fever-drumschool.ch\/?page_id=19199","title":{"rendered":"Impressum und Datenschutz"},"content":{"rendered":"\t\t<div data-elementor-type=\"wp-page\" data-elementor-id=\"19199\" class=\"elementor elementor-19199\">\n\t\t\t\t\t\t<section class=\"elementor-section elementor-top-section elementor-element elementor-element-540c5d8f elementor-section-boxed elementor-section-height-default elementor-section-height-default parallax_section_no qode_elementor_container_no\" data-id=\"540c5d8f\" data-element_type=\"section\" data-e-type=\"section\">\n\t\t\t\t\t\t<div class=\"elementor-container elementor-column-gap-default\">\n\t\t\t\t\t<div class=\"elementor-column elementor-col-100 elementor-top-column elementor-element elementor-element-17b469aa\" data-id=\"17b469aa\" data-element_type=\"column\" data-e-type=\"column\">\n\t\t\t<div class=\"elementor-widget-wrap elementor-element-populated\">\n\t\t\t\t\t\t<div class=\"elementor-element elementor-element-4317f77f elementor-widget elementor-widget-text-editor\" data-id=\"4317f77f\" data-element_type=\"widget\" data-e-type=\"widget\" data-widget_type=\"text-editor.default\">\n\t\t\t\t<div class=\"elementor-widget-container\">\n\t\t\t\t\t\t\t\t\t\n<h1 class=\"wp-block-heading\">Impressum<\/h1>\n<p>\u00a0<\/p>\n\n<p>Die Adresse meiner Website ist: <strong>https:\/\/fever-drumschool.ch<\/strong><\/p>\n<p>\u00a0<\/p>\n<p>\u00a0<\/p>\n<h1>Adresse<\/h1>\n<p>\u00a0<\/p>\n<p><strong>Fever Drumschool<\/strong><\/p>\n<p>B\u00fcttenstrasse 2<\/p>\n<p>8733 Eschenbach<\/p>\n<p>fever(at)drumschool.ch<\/p>\n<p>+41 76 248 16 44<\/p>\n<p>Vertreten durch: Farbice Oberholzer<\/p>\n<p>\u00a0<\/p>\n<p>\u00a0<\/p>\n<h1>Datenschutzerkl\u00e4rung<\/h1>\n<p>\u00a0<\/p>\n<p><b>1. Geltungsbereich und Verantwortlicher<\/b><b><\/b><\/p>\n<p>Diese Erkl\u00e4rung gilt f\u00fcr die unter www.fever-drumschool.ch abrufbaren Internetseiten.<br \/>Zu beachten bleibt, dass Verweise auf weitere Websites, f\u00fcr die abweichende Datenschutzregeln gelten k\u00f6nnen, m\u00f6glich sind.<\/p>\n<p>Name und Anschrift des f\u00fcr die Verarbeitung Verantwortlichen:<\/p>\n<p>FEVER-DRUMSCHOOL<br \/>B\u00fcttenstrasse 2<\/p>\n<p>8733 Eschenbach<br \/>fever(at)drumschool.ch<br \/>+41 76 248 16 44<\/p>\n<p>Im Zuge der Weiterentwicklung meiner Websites zur Verbesserung meines Services, kann es vorkommen, dass Erg\u00e4nzungen dieser Datenschutzerkl\u00e4rung erforderlich werden. In diesem Fall werden wir Sie vorab dar\u00fcber informieren und allenfalls Ihre gesonderte Zustimmung einholen.<\/p>\n<p>\u00a0<\/p>\n<p><b>2. Erfasste Daten<\/b><\/p>\n<p>Die Erfassung Ihrer Daten durch uns erfolgt strikt nach den gesetzlichen Vorgaben in der EU und der Schweiz. Rechtsgrundlagen bilden Art. 6 Abs. 1 S. 1 lit. b und f der EU-Datenschutz-Grundverordnung bzw. Art. 13 Abs. 1 des Bundesgesetzes \u00fcber den Datenschutz (DSG).<\/p>\n<p>\u00a0<\/p>\n<p><b>2.1 Allgemeine Erfassung<\/b><\/p>\n<p>Die Internetseite von Fever-Drumschool erfasst mit jedem Aufruf der Internetseite eine Reihe von allgemeinen Daten. Diese allgemeinen Daten und Informationen werden in den Logfiles des Servers gespeichert. Folgende Daten werden erfasst:<\/p>\n<ul type=\"disc\">\n<li>IP-Adresse<\/li>\n<li>Datum und Uhrzeit der Anfrage<\/li>\n<li>Zeitzonendifferenz zur GMT-Zeitzone<\/li>\n<li>Inhalt der Anforderung<\/li>\n<li>Zugriffsstatus\/http-Statuscode<\/li>\n<li>Jeweils \u00fcbertragene Datenmenge<\/li>\n<li>Internetseite, von der die Anforderung stammt<\/li>\n<li>Browser (inkl. Sprache und Version)<\/li>\n<li>Betriebssystem<\/li>\n<\/ul>\n<p>Bei der Nutzung dieser allgemeinen Daten findet keine Zuordnung zu einer bestimmten Person statt. Die Erfassung dieser Daten ist technisch erforderlich, um Ihnen unsere Internetseite anzuzeigen und dessen Stabilit\u00e4t und Sicherheit zu Gew\u00e4hrleisten.<\/p>\n<p>\u00a0<\/p>\n<p><b>3. Cookies<\/b><\/p>\n<p>Unsere Internetseite verwendet sogenannte Cookies, das sind kleine Textdateien, die auf Ihrem Computer abgelegt werden und dort wieder abgerufen werden k\u00f6nnen. Cookies dienen dazu, Ihnen die Anmeldung zu unseren Diensten zu erm\u00f6glichen und den Webauftritt f\u00fcr Sie zu personalisieren. Hierf\u00fcr wird unsere Internetseite durch Cookies unterst\u00fctzt, die Informationen sammeln \u00fcber Ihre IP-Adresse, die Zeit und Dauer Ihres Besuchs, die Anzahl Ihrer Besuche, die Formularnutzung, Ihre Sucheinstellungen, Ihre Darstellungsansicht, Ihre Einstellungen zu Favoriten auf unserer Website. Die Speicherdauer der Cookies ist unterschiedlich. Wir protokollieren jeden Zugriff auf unsere Website und jeden Abruf einer auf der Website hinterlegten Datei. Rechtsgrundlage ist Art. 6 Abs. 1 S. 1 lit. f der EU- Datenschutz-Grundverordnung bzw. Art. 13 Abs. 1 DSG.<\/p>\n<p>Sie k\u00f6nnen die Setzung von Cookies durch unsere Internetseite jederzeit mittels einer entsprechenden Einstellung des genutzten Internetbrowsers verhindern und damit der Setzung von Cookies dauerhaft widersprechen. Ferner k\u00f6nnen bereits gesetzte Cookies jederzeit \u00fcber einen Internetbrowser oder an- dere Softwareprogramme gel\u00f6scht werden. Dies ist in allen g\u00e4ngigen Internetbrowsern m\u00f6glich. Deaktiviert die betroffene Person die Setzung von Cookies in dem genutzten Internetbrowser, sind unter Umst\u00e4nden nicht alle Funktionen unserer Internetseite vollumf\u00e4nglich nutzbar.<\/p>\n<p>\u00a0<\/p>\n<p><b>4. Social Media Plug-ins<\/b><\/p>\n<p>Ichsetzen derzeit die untenstehenden Social Media Plug-ins ein. Der Plug-in-Anbieter speichert die \u00fcber Sie erhobenen Daten als Nutzungsprofile und nutzt diese f\u00fcr Zwecke der Werbung, Marktforschung und\/oder bedarfsgerechten Gestaltung seiner Website. Rechtsgrundlage ist Art. 6 Abs. 1 S. 1 lit. f der EU-Datenschutz-Grundverordnung bzw. Art. 13 Abs. 1 DSG.<\/p>\n<p>Ich habe keinen Einfluss auf die erhobenen Daten und Datenverarbeitungsvorg\u00e4nge der Plug-in-Anbieter. Diese unterliegen den jeweiligen Datenschutzerkl\u00e4rungen der Drittanbieter. Weitere Informationen zu Zweck und Umfang der Datenerhebung und ihrer Verarbeitung durch den Plug-in-Anbieter erhalten Sie in den im Folgenden mitgeteilten Datenschutzerkl\u00e4rungen dieser Anbieter.<\/p>\n<p><span style=\"text-decoration: underline;\"><em>Facebook<\/em><\/span><br \/>Facebook Inc.: https:\/\/www.facebook.com\/about\/privacy\/update?ref=old_policy<\/p>\n<p><span style=\"text-decoration: underline;\"><em>Vimeo<\/em><\/span><br \/>https:\/\/vimeo.com\/privacy<\/p>\n<p><span style=\"text-decoration: underline;\"><em>Pinterest<\/em><\/span><br \/>https:\/\/policy.pinterest.com\/de\/privacy-policy<\/p>\n<p>\u00a0<\/p>\n<p><b>5. Google Maps<\/b><\/p>\n<p>Ich setze auf meinen Internetseiten ein Plug-in des Internetdienstes Google Maps ein. Betreiber von Google Maps ist Google Inc. Indem Sie Google Maps auf unserer Webseite nutzen, werden Informati- onen \u00fcber die Nutzung dieser Webseite (inkl. IP-Adresse) an einen Google-Server in den USA \u00fcbermit- telt und auch auf diesem Server gespeichert. Wir haben keine Kenntnis \u00fcber den genauen Inhalt der \u00fcbermittelten Daten, noch \u00fcber ihre Nutzung durch Google. Google wird diese Informationen gegebe- nenfalls an Dritte \u00fcbertragen, sofern dies gesetzlich vorgeschrieben oder soweit Dritte diese Daten im Auftrag von Google verarbeiten. Wenn Sie Javascript in Ihrem Browser deaktivieren, verhindern Sie die Ausf\u00fchrung von Google Maps. Sie k\u00f6nnen dann aber auch keine Kartenanzeige auf unserer Webseite nutzen. Mit der Nutzung von Google Maps erkl\u00e4ren Sie Ihr Einverst\u00e4ndnis mit der beschriebenen Erfas- sung und Verarbeitung der Informationen durch Google Inc. Art. 6 Abs. 1 S. 1 lit. f der EU-Datenschutz- Grundverordnung. N\u00e4heres zu den Datenschutzbestimmungen und Nutzungsbedingungen f\u00fcr Google Maps erfahren Sie hier: https:\/\/www.google.com\/intl\/de_de\/help\/terms_maps.html<\/p>\n<p>\u00a0<\/p>\n<p><b>6. Daten\u00fcbermittlung<\/b><\/p>\n<p>Mit Ausnahme der in dieser Erkl\u00e4rung ausdr\u00fccklich genannten Daten\u00fcbermittlungen gebe ich Ihre Daten nicht an Dritte bekannt.<\/p>\n<p>\u00a0<\/p>\n<p><b>7. Ihre Rechte<\/b><\/p>\n<p>Sie haben gegen\u00fcber mir folgende Rechte hinsichtlich der Sie betreffenden personenbezogenen Daten:<\/p>\n<ul type=\"disc\">\n<li>Recht auf Auskunft,<\/li>\n<li>Recht auf Berichtigung oder L\u00f6schung,<\/li>\n<li>Recht auf Einschr\u00e4nkung der Verarbeitung,<\/li>\n<li>Recht auf Widerspruch gegen die Verarbeitung,<\/li>\n<li>Recht auf Daten\u00fcbertragbarkeit,<\/li>\n<li>Recht, sich bei einer Datenschutz-Aufsichtsbeh\u00f6rde \u00fcber die Verarbeitung Ihrer personenbezoge- nen Daten durch uns zu beschweren.Sofern eine Datenverarbeitung auf unserer Internetseite auf Ihrer Einwilligung beruht, k\u00f6nnen Sie diese jederzeit ohne Angabe von Gr\u00fcnden f\u00fcr die Zukunft widerrufen. Der Widerruf ist an den Verantwortlichen \u00fcber die Kontaktangaben in Ziffer 1 zu richten.<br \/><br \/><\/li>\n<\/ul>\n<p><b>8. Datensicherheit<\/b><\/p>\n<p>Zum Schutz Ihrer Daten nutze ich unter anderem Verschl\u00fcsselungen bei der Daten\u00fcbertragung und habe zahlreiche technische und organisatorische Massnahmen umgesetzt, um einen m\u00f6glichst l\u00fcckenlosen Schutz der \u00fcber diese Internetseite verarbeiteten personenbezogenen Daten sicherzustellen.<\/p>\n<p>\u00a0<\/p>\n\t\t\t\t\t\t\t\t<\/div>\n\t\t\t\t<\/div>\n\t\t\t\t\t<\/div>\n\t\t<\/div>\n\t\t\t\t\t<\/div>\n\t\t<\/section>\n\t\t\t\t<\/div>\n\t\t","protected":false},"excerpt":{"rendered":"<p>Impressum \u00a0 Die Adresse meiner Website ist: https:\/\/fever-drumschool.ch \u00a0 \u00a0 Adresse \u00a0 Fever Drumschool B\u00fcttenstrasse 2 8733 Eschenbach fever(at)drumschool.ch +41 76 248 16 44 Vertreten durch: Farbice Oberholzer \u00a0 \u00a0 Datenschutzerkl\u00e4rung \u00a0 1. Geltungsbereich und Verantwortlicher Diese Erkl\u00e4rung gilt f\u00fcr die unter www.fever-drumschool.ch abrufbaren Internetseiten.Zu&#8230;<\/p>\n","protected":false},"author":1,"featured_media":0,"parent":0,"menu_order":0,"comment_status":"closed","ping_status":"closed","template":"elementor_header_footer","meta":{"_monsterinsights_skip_tracking":false,"_monsterinsights_sitenote_active":false,"_monsterinsights_sitenote_note":"","_monsterinsights_sitenote_category":0,"footnotes":""},"class_list":["post-19199","page","type-page","status-publish","hentry"],"aioseo_notices":[],"_links":{"self":[{"href":"https:\/\/fever-drumschool.ch\/index.php?rest_route=\/wp\/v2\/pages\/19199","targetHints":{"allow":["GET"]}}],"collection":[{"href":"https:\/\/fever-drumschool.ch\/index.php?rest_route=\/wp\/v2\/pages"}],"about":[{"href":"https:\/\/fever-drumschool.ch\/index.php?rest_route=\/wp\/v2\/types\/page"}],"author":[{"embeddable":true,"href":"https:\/\/fever-drumschool.ch\/index.php?rest_route=\/wp\/v2\/users\/1"}],"replies":[{"embeddable":true,"href":"https:\/\/fever-drumschool.ch\/index.php?rest_route=%2Fwp%2Fv2%2Fcomments&post=19199"}],"version-history":[{"count":13,"href":"https:\/\/fever-drumschool.ch\/index.php?rest_route=\/wp\/v2\/pages\/19199\/revisions"}],"predecessor-version":[{"id":19216,"href":"https:\/\/fever-drumschool.ch\/index.php?rest_route=\/wp\/v2\/pages\/19199\/revisions\/19216"}],"wp:attachment":[{"href":"https:\/\/fever-drumschool.ch\/index.php?rest_route=%2Fwp%2Fv2%2Fmedia&parent=19199"}],"curies":[{"name":"wp","href":"https:\/\/api.w.org\/{rel}","templated":true}]}}